{"id":21,"date":"2010-10-10T20:04:34","date_gmt":"2010-10-10T20:04:34","guid":{"rendered":"http:\/\/hjarnskakning.se\/"},"modified":"2010-10-10T20:04:34","modified_gmt":"2010-10-10T20:04:34","slug":"hjarnskakning","status":"publish","type":"page","link":"https:\/\/www.sjukhem.se\/hjarnskakning\/hjarnskakning\/","title":{"rendered":"Hj\u00e4rnskakning"},"content":{"rendered":"<p><strong>Hj\u00e4rnskakning<\/strong> betyder att den mjuka hj\u00e4rnv\u00e4vnaden kommer i r\u00f6relse p\u00e5 grund av slag mot huvudet. Ett kraftigt slag kan leda till bl\u00f6dningar och svullnad i hj\u00e4rnv\u00e4vnaden. Ibland blir det ocks\u00e5 brott p\u00e5 skallbenet. Kortvarig medvetsl\u00f6shet \u00e4r det tydligaste tecknet p\u00e5 hj\u00e4rnskakning. Ibland \u00e4r den s\u00e5 l\u00e4tt och kortvarig att den \u00e4r knappt m\u00e4rkbar. Vanlig <a href=\"http:\/\/sjukdomarna.se\/sjukdom\/hjarnskakning\/\">hj\u00e4rnskakning<\/a> \u00e4r inte farlig, men du b\u00f6r unders\u00f6kas p\u00e5 sjukhus s\u00e5 att man kan utesluta en bl\u00f6dning i hj\u00e4rnan.<\/p>\n<p>K\u00e4lla: vardguiden<\/p>\n","protected":false},"excerpt":{"rendered":"<p>Hj\u00e4rnskakning betyder att den mjuka hj\u00e4rnv\u00e4vnaden kommer i r\u00f6relse p\u00e5 grund av slag mot huvudet. Ett kraftigt slag kan leda till bl\u00f6dningar och svullnad i hj\u00e4rnv\u00e4vnaden. Ibland blir det ocks\u00e5 brott p\u00e5 skallbenet. Kortvarig medvetsl\u00f6shet \u00e4r det tydligaste tecknet p\u00e5 hj\u00e4rnskakning. Ibland \u00e4r den s\u00e5 l\u00e4tt och kortvarig att den \u00e4r knappt m\u00e4rkbar. Vanlig hj\u00e4rnskakning [&hellip;]<\/p>\n","protected":false},"author":1,"featured_media":0,"parent":0,"menu_order":0,"comment_status":"open","ping_status":"open","template":"","meta":{"footnotes":""},"class_list":["post-21","page","type-page","status-publish","hentry"],"_links":{"self":[{"href":"https:\/\/www.sjukhem.se\/hjarnskakning\/wp-json\/wp\/v2\/pages\/21","targetHints":{"allow":["GET"]}}],"collection":[{"href":"https:\/\/www.sjukhem.se\/hjarnskakning\/wp-json\/wp\/v2\/pages"}],"about":[{"href":"https:\/\/www.sjukhem.se\/hjarnskakning\/wp-json\/wp\/v2\/types\/page"}],"author":[{"embeddable":true,"href":"https:\/\/www.sjukhem.se\/hjarnskakning\/wp-json\/wp\/v2\/users\/1"}],"replies":[{"embeddable":true,"href":"https:\/\/www.sjukhem.se\/hjarnskakning\/wp-json\/wp\/v2\/comments?post=21"}],"version-history":[{"count":0,"href":"https:\/\/www.sjukhem.se\/hjarnskakning\/wp-json\/wp\/v2\/pages\/21\/revisions"}],"wp:attachment":[{"href":"https:\/\/www.sjukhem.se\/hjarnskakning\/wp-json\/wp\/v2\/media?parent=21"}],"curies":[{"name":"wp","href":"https:\/\/api.w.org\/{rel}","templated":true}]}}