{"id":24,"date":"2010-10-10T20:08:39","date_gmt":"2010-10-10T20:08:39","guid":{"rendered":"http:\/\/hjarnskakning.se\/"},"modified":"2010-10-10T20:08:39","modified_gmt":"2010-10-10T20:08:39","slug":"symptom","status":"publish","type":"page","link":"https:\/\/www.sjukhem.se\/hjarnskakning\/symptom\/","title":{"rendered":"Symptom"},"content":{"rendered":"<p>Det tydligaste tecknet p\u00e5 en hj\u00e4rnskakning \u00e4r den kortvariga medvetsl\u00f6sheten. Om medvetsl\u00f6sheten varar l\u00e4ngre \u00e4n n\u00e5gon minut m\u00e5ste man misst\u00e4nka en sv\u00e5rare typ av hj\u00e4rnp\u00e5verkan. \u00a0Ibland kan man ha hj\u00e4rnskakning utan tydlig medvetsl\u00f6shet. Man kan vara fr\u00e5nvarande en kort stund f\u00f6ljt av illam\u00e5ende, kr\u00e4kningar och tr\u00f6tthet. Under timmar eller dagar efter en hj\u00e4rnskakning har du ofta huvudv\u00e4rk, yrsel, illam\u00e5ende, kr\u00e4kningar och stark tr\u00f6tthet.<\/p>\n<p><strong>Symptomen<\/strong> brukar gradvis f\u00f6rsvinna efter n\u00e5gra dagar upp till en vecka efter. En del personer f\u00e5r mer l\u00e5ngvariga besv\u00e4r av en hj\u00e4rnskakning som fortsatt huvudv\u00e4rk, yrsel, tr\u00f6tthet, sv\u00e5righeter att koncentrera sig, nedst\u00e4mdhet och \u00f6verk\u00e4nslighet mot ljud. Dessa symtom brukar inte vara knutna till n\u00e5gon synlig skada p\u00e5 hj\u00e4rnv\u00e4vnaden.<\/p>\n<p>Tecknen p\u00e5 hj\u00e4rnskakning kan komma efter flera timmar och d\u00e4rf\u00f6r \u00e4r det viktigt att du har ditt <em>barn<\/em> under uppsikt och ocks\u00e5 v\u00e4cker det nattetid f\u00f6r att se att det inte \u00e4r medvetsl\u00f6st.<\/p>\n<p>K\u00e4lla: vardguiden<\/p>\n","protected":false},"excerpt":{"rendered":"<p>Det tydligaste tecknet p\u00e5 en hj\u00e4rnskakning \u00e4r den kortvariga medvetsl\u00f6sheten. Om medvetsl\u00f6sheten varar l\u00e4ngre \u00e4n n\u00e5gon minut m\u00e5ste man misst\u00e4nka en sv\u00e5rare typ av hj\u00e4rnp\u00e5verkan. \u00a0Ibland kan man ha hj\u00e4rnskakning utan tydlig medvetsl\u00f6shet. Man kan vara fr\u00e5nvarande en kort stund f\u00f6ljt av illam\u00e5ende, kr\u00e4kningar och tr\u00f6tthet. Under timmar eller dagar efter en hj\u00e4rnskakning har du [&hellip;]<\/p>\n","protected":false},"author":1,"featured_media":0,"parent":0,"menu_order":0,"comment_status":"open","ping_status":"open","template":"","meta":{"footnotes":""},"class_list":["post-24","page","type-page","status-publish","hentry"],"_links":{"self":[{"href":"https:\/\/www.sjukhem.se\/hjarnskakning\/wp-json\/wp\/v2\/pages\/24","targetHints":{"allow":["GET"]}}],"collection":[{"href":"https:\/\/www.sjukhem.se\/hjarnskakning\/wp-json\/wp\/v2\/pages"}],"about":[{"href":"https:\/\/www.sjukhem.se\/hjarnskakning\/wp-json\/wp\/v2\/types\/page"}],"author":[{"embeddable":true,"href":"https:\/\/www.sjukhem.se\/hjarnskakning\/wp-json\/wp\/v2\/users\/1"}],"replies":[{"embeddable":true,"href":"https:\/\/www.sjukhem.se\/hjarnskakning\/wp-json\/wp\/v2\/comments?post=24"}],"version-history":[{"count":0,"href":"https:\/\/www.sjukhem.se\/hjarnskakning\/wp-json\/wp\/v2\/pages\/24\/revisions"}],"wp:attachment":[{"href":"https:\/\/www.sjukhem.se\/hjarnskakning\/wp-json\/wp\/v2\/media?parent=24"}],"curies":[{"name":"wp","href":"https:\/\/api.w.org\/{rel}","templated":true}]}}